{"id":253,"date":"2020-10-29T17:32:56","date_gmt":"2020-10-29T17:32:56","guid":{"rendered":"http:\/\/www.taxi-ruf-muehlheim.de\/?page_id=253"},"modified":"2020-11-01T16:19:17","modified_gmt":"2020-11-01T16:19:17","slug":"fundsachen","status":"publish","type":"page","link":"https:\/\/www.taxi-ruf-muehlheim.de\/?page_id=253","title":{"rendered":"Fundsachen"},"content":{"rendered":"\n<p>Wir bem\u00fchen uns, Ihnen bei der Suche nach im Taxi verlorenen Gegenst\u00e4nden behilflich zu sein. Fundsachen werden unmittelbar nach der Entdeckung durch den Taxifahrer\/in bei uns gemeldet. <\/p>\n\n\n\n<p>Wir verf\u00fcgen \u00fcber kein eigenes Fundb\u00fcro, insoweit werden die im Taxi liegen gebliebenen Gegenst\u00e4nde im Fundb\u00fcro der Stadt M\u00fchlheim am Main, Friedenstra\u00dfe 20 abgegeben.<\/p>\n","protected":false},"excerpt":{"rendered":"<p>Wir bem\u00fchen uns, Ihnen bei der Suche nach im Taxi verlorenen Gegenst\u00e4nden behilflich zu sein. Fundsachen werden unmittelbar nach der Entdeckung durch den Taxifahrer\/in bei uns gemeldet. Wir verf\u00fcgen \u00fcber kein eigenes Fundb\u00fcro, insoweit werden die im Taxi liegen gebliebenen Gegenst\u00e4nde im Fundb\u00fcro der Stadt M\u00fchlheim am Main, Friedenstra\u00dfe 20 abgegeben.<\/p>\n","protected":false},"author":1,"featured_media":0,"parent":0,"menu_order":0,"comment_status":"closed","ping_status":"closed","template":"","meta":{"footnotes":""},"class_list":["post-253","page","type-page","status-publish","hentry"],"_links":{"self":[{"href":"https:\/\/www.taxi-ruf-muehlheim.de\/index.php?rest_route=\/wp\/v2\/pages\/253"}],"collection":[{"href":"https:\/\/www.taxi-ruf-muehlheim.de\/index.php?rest_route=\/wp\/v2\/pages"}],"about":[{"href":"https:\/\/www.taxi-ruf-muehlheim.de\/index.php?rest_route=\/wp\/v2\/types\/page"}],"author":[{"embeddable":true,"href":"https:\/\/www.taxi-ruf-muehlheim.de\/index.php?rest_route=\/wp\/v2\/users\/1"}],"replies":[{"embeddable":true,"href":"https:\/\/www.taxi-ruf-muehlheim.de\/index.php?rest_route=%2Fwp%2Fv2%2Fcomments&post=253"}],"version-history":[{"count":4,"href":"https:\/\/www.taxi-ruf-muehlheim.de\/index.php?rest_route=\/wp\/v2\/pages\/253\/revisions"}],"predecessor-version":[{"id":322,"href":"https:\/\/www.taxi-ruf-muehlheim.de\/index.php?rest_route=\/wp\/v2\/pages\/253\/revisions\/322"}],"wp:attachment":[{"href":"https:\/\/www.taxi-ruf-muehlheim.de\/index.php?rest_route=%2Fwp%2Fv2%2Fmedia&parent=253"}],"curies":[{"name":"wp","href":"https:\/\/api.w.org\/{rel}","templated":true}]}}