{"id":111,"date":"2020-10-29T08:42:14","date_gmt":"2020-10-29T08:42:14","guid":{"rendered":"http:\/\/www.taxi-ruf-muehlheim.de\/?page_id=111"},"modified":"2020-11-01T16:13:07","modified_gmt":"2020-11-01T16:13:07","slug":"unser-team","status":"publish","type":"page","link":"https:\/\/www.taxi-ruf-muehlheim.de\/?page_id=111","title":{"rendered":"Unser Team"},"content":{"rendered":"\n<p>Das Taxiunternehmen Artur Przewloka ist ein Inhabergef\u00fchrtes Unternehmen.<br>Wir sind st\u00e4ndig im Sinne unserer Kunden dabei unsere Dienstleistungen nach Ihren W\u00fcnschen zu verbessern.<\/p>\n","protected":false},"excerpt":{"rendered":"<p>Das Taxiunternehmen Artur Przewloka ist ein Inhabergef\u00fchrtes Unternehmen.Wir sind st\u00e4ndig im Sinne unserer Kunden dabei unsere Dienstleistungen nach Ihren W\u00fcnschen zu verbessern.<\/p>\n","protected":false},"author":1,"featured_media":0,"parent":0,"menu_order":0,"comment_status":"closed","ping_status":"closed","template":"","meta":{"footnotes":""},"class_list":["post-111","page","type-page","status-publish","hentry"],"_links":{"self":[{"href":"https:\/\/www.taxi-ruf-muehlheim.de\/index.php?rest_route=\/wp\/v2\/pages\/111"}],"collection":[{"href":"https:\/\/www.taxi-ruf-muehlheim.de\/index.php?rest_route=\/wp\/v2\/pages"}],"about":[{"href":"https:\/\/www.taxi-ruf-muehlheim.de\/index.php?rest_route=\/wp\/v2\/types\/page"}],"author":[{"embeddable":true,"href":"https:\/\/www.taxi-ruf-muehlheim.de\/index.php?rest_route=\/wp\/v2\/users\/1"}],"replies":[{"embeddable":true,"href":"https:\/\/www.taxi-ruf-muehlheim.de\/index.php?rest_route=%2Fwp%2Fv2%2Fcomments&post=111"}],"version-history":[{"count":4,"href":"https:\/\/www.taxi-ruf-muehlheim.de\/index.php?rest_route=\/wp\/v2\/pages\/111\/revisions"}],"predecessor-version":[{"id":319,"href":"https:\/\/www.taxi-ruf-muehlheim.de\/index.php?rest_route=\/wp\/v2\/pages\/111\/revisions\/319"}],"wp:attachment":[{"href":"https:\/\/www.taxi-ruf-muehlheim.de\/index.php?rest_route=%2Fwp%2Fv2%2Fmedia&parent=111"}],"curies":[{"name":"wp","href":"https:\/\/api.w.org\/{rel}","templated":true}]}}