{"id":109,"date":"2020-10-29T08:42:14","date_gmt":"2020-10-29T08:42:14","guid":{"rendered":"http:\/\/www.taxi-ruf-muehlheim.de\/?page_id=109"},"modified":"2022-11-02T09:06:09","modified_gmt":"2022-11-02T08:06:09","slug":"taxi-tarife","status":"publish","type":"page","link":"https:\/\/www.taxi-ruf-muehlheim.de\/?page_id=109","title":{"rendered":"Taxi Tarife"},"content":{"rendered":"\n<p>Taxitarife werden per Gesetz in der Verordnung  \u00fcber die Bef\u00f6rderungsentgelte und Bef\u00f6rderungsbedingungen f\u00fcr den Verkehr mit Taxen in der Stadt M\u00fchlheim am Main nach \u00a7 2 Bereitstellen von Taxen vorgeschrieben.<\/p>\n\n\n\n<p>Das Bef\u00f6rderungsentgelt setzt sich unabh\u00e4ngig von der Zahl der zu bef\u00f6rdernden Personen aus dem Grundpreis, dem Entgelt f\u00fcr die Gefahrene Wegstrecke ( Kilometerpreis), Wartepreis und den Zuschl\u00e4gen zusammen.<\/p>\n\n\n\n<p>Die Taxitarife sind durch den Magistrat der Stadt M\u00fchlheim am Main wie folgt festgesetzt:<br><\/p>\n\n\n\n<div class=\"wp-block-group has-black-color has-text-color has-background\" style=\"background-color:#e6d690\"><div class=\"wp-block-group__inner-container is-layout-constrained wp-block-group-is-layout-constrained\">\n<figure class=\"wp-block-table is-style-regular has-medium-font-size\"><table class=\"has-black-color has-text-color has-background\" style=\"background-color:#e6d690\"><tbody><tr><td><strong>Grundpreis<\/strong><br><\/td><td>\u20ac 4,00<\/td><\/tr><tr><td><strong>Fahrpreis pro Kilometer<\/strong><br><\/td><td>\u20ac 1,90<\/td><\/tr><tr><td><strong>Wartezeit pro Stunde<\/strong><br>(einschlie\u00dflich verkehrsbedingte Wartezeiten)<\/td><td>\u20ac 33,00<\/td><\/tr><\/tbody><\/table><\/figure>\n<\/div><\/div>\n\n\n\n<p><br>Die Schalteinheit des Fahrpreises betr\u00e4gt f\u00fcr jede angefangene Teilstrecke 0,10 \u20ac.<\/p>\n\n\n\n<p>Die Schalteinheit f\u00fcr die Wartezeit betr\u00e4gt f\u00fcr jede angefangene Zeiteinheit 0,10 \u20ac.<\/p>\n\n\n\n<p>Die Pflichtwartezeit betr\u00e4gt 30 Minuten.<\/p>\n","protected":false},"excerpt":{"rendered":"<p>Taxitarife werden per Gesetz in der Verordnung \u00fcber die Bef\u00f6rderungsentgelte und Bef\u00f6rderungsbedingungen f\u00fcr den Verkehr mit Taxen in der Stadt M\u00fchlheim am Main nach \u00a7 2 Bereitstellen von Taxen vorgeschrieben. Das Bef\u00f6rderungsentgelt setzt sich unabh\u00e4ngig von der Zahl der zu bef\u00f6rdernden Personen aus dem Grundpreis, dem Entgelt f\u00fcr die Gefahrene Wegstrecke ( Kilometerpreis), Wartepreis und [&hellip;]<\/p>\n","protected":false},"author":1,"featured_media":0,"parent":0,"menu_order":0,"comment_status":"closed","ping_status":"closed","template":"","meta":{"footnotes":""},"class_list":["post-109","page","type-page","status-publish","hentry"],"_links":{"self":[{"href":"https:\/\/www.taxi-ruf-muehlheim.de\/index.php?rest_route=\/wp\/v2\/pages\/109"}],"collection":[{"href":"https:\/\/www.taxi-ruf-muehlheim.de\/index.php?rest_route=\/wp\/v2\/pages"}],"about":[{"href":"https:\/\/www.taxi-ruf-muehlheim.de\/index.php?rest_route=\/wp\/v2\/types\/page"}],"author":[{"embeddable":true,"href":"https:\/\/www.taxi-ruf-muehlheim.de\/index.php?rest_route=\/wp\/v2\/users\/1"}],"replies":[{"embeddable":true,"href":"https:\/\/www.taxi-ruf-muehlheim.de\/index.php?rest_route=%2Fwp%2Fv2%2Fcomments&post=109"}],"version-history":[{"count":38,"href":"https:\/\/www.taxi-ruf-muehlheim.de\/index.php?rest_route=\/wp\/v2\/pages\/109\/revisions"}],"predecessor-version":[{"id":383,"href":"https:\/\/www.taxi-ruf-muehlheim.de\/index.php?rest_route=\/wp\/v2\/pages\/109\/revisions\/383"}],"wp:attachment":[{"href":"https:\/\/www.taxi-ruf-muehlheim.de\/index.php?rest_route=%2Fwp%2Fv2%2Fmedia&parent=109"}],"curies":[{"name":"wp","href":"https:\/\/api.w.org\/{rel}","templated":true}]}}