{"id":103,"date":"2020-10-29T08:39:57","date_gmt":"2020-10-29T08:39:57","guid":{"rendered":"http:\/\/www.taxi-ruf-muehlheim.de\/?page_id=103"},"modified":"2020-10-29T17:12:20","modified_gmt":"2020-10-29T17:12:20","slug":"flughafenfahrten","status":"publish","type":"page","link":"https:\/\/www.taxi-ruf-muehlheim.de\/?page_id=103","title":{"rendered":"Flughafenfahrten"},"content":{"rendered":"\n<p>Wir fahren Sie sicher, zuverl\u00e4ssig und komfortabel zu allen europ\u00e4ischen Flugh\u00e4fen oder Bahnh\u00f6fen in klimatisierten, sauberen und ger\u00e4umigen Fahrzeugen. Gerne holen wir Sie auch bei der R\u00fcckkehr wieder ab.<\/p>\n\n\n\n<p>F\u00fcr Ihre und unsere Planungssicherheit empfehlen wir eine fr\u00fchzeitige Vorbestellung unter <strong>06108 900606.<\/strong><\/p>\n","protected":false},"excerpt":{"rendered":"<p>Wir fahren Sie sicher, zuverl\u00e4ssig und komfortabel zu allen europ\u00e4ischen Flugh\u00e4fen oder Bahnh\u00f6fen in klimatisierten, sauberen und ger\u00e4umigen Fahrzeugen. Gerne holen wir Sie auch bei der R\u00fcckkehr wieder ab. F\u00fcr Ihre und unsere Planungssicherheit empfehlen wir eine fr\u00fchzeitige Vorbestellung unter 06108 900606.<\/p>\n","protected":false},"author":1,"featured_media":0,"parent":0,"menu_order":0,"comment_status":"closed","ping_status":"closed","template":"","meta":{"footnotes":""},"class_list":["post-103","page","type-page","status-publish","hentry"],"_links":{"self":[{"href":"https:\/\/www.taxi-ruf-muehlheim.de\/index.php?rest_route=\/wp\/v2\/pages\/103"}],"collection":[{"href":"https:\/\/www.taxi-ruf-muehlheim.de\/index.php?rest_route=\/wp\/v2\/pages"}],"about":[{"href":"https:\/\/www.taxi-ruf-muehlheim.de\/index.php?rest_route=\/wp\/v2\/types\/page"}],"author":[{"embeddable":true,"href":"https:\/\/www.taxi-ruf-muehlheim.de\/index.php?rest_route=\/wp\/v2\/users\/1"}],"replies":[{"embeddable":true,"href":"https:\/\/www.taxi-ruf-muehlheim.de\/index.php?rest_route=%2Fwp%2Fv2%2Fcomments&post=103"}],"version-history":[{"count":7,"href":"https:\/\/www.taxi-ruf-muehlheim.de\/index.php?rest_route=\/wp\/v2\/pages\/103\/revisions"}],"predecessor-version":[{"id":242,"href":"https:\/\/www.taxi-ruf-muehlheim.de\/index.php?rest_route=\/wp\/v2\/pages\/103\/revisions\/242"}],"wp:attachment":[{"href":"https:\/\/www.taxi-ruf-muehlheim.de\/index.php?rest_route=%2Fwp%2Fv2%2Fmedia&parent=103"}],"curies":[{"name":"wp","href":"https:\/\/api.w.org\/{rel}","templated":true}]}}